{"id":6865,"date":"2023-07-06T07:19:37","date_gmt":"2023-07-06T07:19:37","guid":{"rendered":"https:\/\/ssc.uniri.hr\/?page_id=6865"},"modified":"2025-12-04T12:29:01","modified_gmt":"2025-12-04T12:29:01","slug":"working-with-students","status":"publish","type":"page","link":"https:\/\/ssc.uniri.hr\/en\/counselling-and-support\/for-employees\/working-with-students\/","title":{"rendered":"Working with students"},"content":{"rendered":"\n<h3 class=\"wp-block-heading\">The most common problems students face<\/h3>\n\n\n\n<p>Most students experience temporary difficulties related to learning, studying, or various emotional issues during their studies. Academic problems can be both a consequence and a cause of emotional and other difficulties. Psychological problems often lead to poorer academic performance because they make it difficult to concentrate, reduce motivation and capacity for work and study, and increase feelings of hopelessness and helplessness. This can further heighten tension and dissatisfaction with oneself, and ultimately lead to giving up on learning, and sometimes even on studies altogether.<\/p>\n\n\n\n<p>Numerous universities worldwide report a worrying incidence and increase in psychological problems among students. The results of a longitudinal study conducted with a representative sample of students from all faculties at the University of Rijeka show that more than 50% experience mild and 20% moderately expressed anxiety symptoms in the first year of study, while 23% of students report significant depressive symptoms, with 7% reporting suicidal thoughts.<\/p>\n\n\n\n<p>According to fifteen years of experience at Psychological Counselling of the University Counselling Centre, students most often seek help for various academic problems (difficulties with concentration, lack of motivation to study, lack of academic skills, poor time management, exam anxiety, etc.), interpersonal problems (issues in relationships with parents, friends, or partners), anxiety and depression, and stressful or traumatic experiences.<\/p>\n\n\n\n<h3 class=\"wp-block-heading\">Problems faced by students with disabilities<\/h3>\n\n\n\n<p>Despite the obstacles to studying for people with disabilities, in Croatia the number of these students in higher education has increased in the last decade, although there is no precise record. However, the representation of students with disabilities is still inadequate and ranges from 0.3% to 0.4%.<\/p>\n\n\n\n<p>At many higher education institutions, obstacles for students with disabilities include architectural barriers, lack of technical support, unpreparedness of teaching and non-teaching staff to work with students with disabilities, and a lack of support services, assistants, and financial resources to improve the quality of the academic environment. In addition to these specific difficulties, research on adaptation to study shows that students with disabilities encounter the same challenges as their peers without disabilities, with the added emphasis that emotional and social adaptation is significantly influenced by the perception of disability as a hindering factor. All relevant documents and literature clearly emphasise the importance of providing psychosocial support to strengthen the emotional capacities of students with disabilities due to the demands and limitations associated with disability.<\/p>\n\n\n<div class=\"wp-block-ub-content-toggle wp-block-ub-content-toggle-block\" id=\"ub-content-toggle-block-732f9e1b-9cb0-43e9-b194-27bbbbca6b41\" data-mobilecollapse=\"false\" data-desktopcollapse=\"true\" data-preventcollapse=\"false\" data-showonlyone=\"false\">\n<div class=\"wp-block-ub-content-toggle-accordion\" style=\"border-color: #f1f1f1;\" id=\"ub-content-toggle-panel-block-\">\n\t\t\t<div class=\"wp-block-ub-content-toggle-accordion-title-wrap\" style=\"background-color: #f1f1f1;\" aria-controls=\"ub-content-toggle-panel-0-732f9e1b-9cb0-43e9-b194-27bbbbca6b41\" tabindex=\"0\">\n\t\t\t<p class=\"wp-block-ub-content-toggle-accordion-title ub-content-toggle-title-732f9e1b-9cb0-43e9-b194-27bbbbca6b41\" style=\"color: #000000; \">References<\/p>\n\t\t\t<div class=\"wp-block-ub-content-toggle-accordion-toggle-wrap right\" style=\"color: #000000;\"><span class=\"wp-block-ub-content-toggle-accordion-state-indicator wp-block-ub-chevron-down\"><\/span><\/div>\n\t\t<\/div>\n\t\t\t<div role=\"region\" aria-expanded=\"false\" class=\"wp-block-ub-content-toggle-accordion-content-wrap ub-hide\" id=\"ub-content-toggle-panel-0-732f9e1b-9cb0-43e9-b194-27bbbbca6b41\">\n\n<ul class=\"wp-block-list\">\n<li>Bo\u0161kovi\u0107, S., Ili\u0107 Sto\u0161ovi\u0107, D., Sko\u010di\u0107-Mihi\u0107, S. (u tisku). Prilagodba na studij s obzirom na neka obilje\u017eja studenata s invaliditetom.\u00a0<em>Revija za socijalnu politiku<\/em>. (1330-2965)<\/li>\n\n\n\n<li>Bo\u0161kovi\u0107, S. i Rin\u010di\u0107, I. (2014). Visoko obrazovanje studenata s invaliditetom u Hrvatskoj.\u00a0<em>Ljetopis socijanog rada, 21<\/em>(3), 485-509.\u00a0<\/li>\n\n\n\n<li>\u0106iri\u0107, J., Divjak, B., Doolan, K., Farnell, T. i Jedri\u0161ko, D. (2013).\u00a0<em>Osiguravanje minimalnih standarda pristupa\u010dnosti visokog obrazovanja za studente s invaliditetom u Republici Hrvatskoj: prijedlog nacionalnog dokumenta.<\/em>\u00a0Dokument preuzet 20. srpnja na internetskoj stranici: http:\/\/www.unizg.hr\/uredssi\/images\/datoteke\/nacionalni_dokument.pdf<\/li>\n\n\n\n<li>Pravobraniteljica za osobe s invaliditetom (2012).\u00a0<em>Izvje\u0161\u0107e o radu Ureda pravobraniteljice za osobe s invaliditetom za 2012 godinu.<\/em>\u00a0Preuzeto 20. srpnja 2016. \u00a0s internetske stranice \u00a0http:\/\/www.posi.hr\/index.php?option=com_joomdoc&amp;task=cat_view&amp;gid=55&amp;Itemid=98\u00a0<\/li>\n\n\n\n<li>Pravobraniteljica za osobe s invaliditetom (2013).\u00a0<em>Izvje\u0161\u0107e o radu Ureda pravobraniteljice za osobe s invaliditetom za 2013 godinu.<\/em>\u00a0Preuzeto 20. srpnja 2016. \u00a0s internetske stranice \u00a0http:\/\/www.posi.hr\/index.php?option=com_joomdoc&amp;task=cat_view&amp;gid=55&amp;Itemid=98\u00a0<\/li>\n\n\n\n<li>Sremec-Nebi\u0107, T., \u017div\u010di\u0107-Be\u0107irevi\u0107, I. i Jakov\u010di\u0107, I. (2008, svibanj).\u00a0<em>Psiholo\u0161ki problemi studenata rije\u010dkog Sveu\u010dili\u0161ta.<\/em>\u00a0Rad prezentiran na skupu Dani psihologije u Zadru, Zadar.<\/li>\n\n\n\n<li>Stan\u010di\u0107, Z., Ki\u0161-Glava\u0161, L., Urbanc, K., Laklija, M., Mili\u0107 Babi\u0107, M. i Branica, V. (2014).\u00a0<em>Multidimenzionalna analiza socijalne uklju\u010denosti djece s te\u0161ko\u0107ama i studenata s invaliditetom u obrazovnom procesu.\u00a0<\/em>Zagreb: Hrvatski savez gluhoslijepih osoba Dodir<\/li>\n\n\n\n<li>\u017div\u010di\u0107-Be\u0107irevi\u0107, I. i Jakov\u010di\u0107, I. (2013).\u00a0<em>Sveu\u010dili\u0161ni savjetovali\u0161ni centar &#8211; Psiholo\u0161ko savjetovali\u0161te: Na\u0161ih prvih 15.<\/em>\u00a0Rijeka: Sveu\u010dili\u0161te u Rijeci.\u00a0<\/li>\n\n\n\n<li>\u017div\u010di\u0107-Be\u0107irevi\u0107, I., Smojver-A\u017ei\u0107, S., Martinac-Dor\u010di\u0107, T., Jureti\u0107, J. i Jakov\u010di\u0107, I. (2009, lipanj).\u00a0<em>Zastupljenost psiholo\u0161kih simptoma kod studenata rije\u010dkog Sveu\u010dili\u0161ta.\u00a0<\/em>Rad prezentiran na Kongresu primjenjene psihologije, Opatija.<\/li>\n<\/ul>\n\n<\/div>\n\t\t<\/div>\n<\/div>\n\n\n<p><\/p>\n","protected":false},"excerpt":{"rendered":"<p>The most common problems students face Most students experience temporary difficulties related to learning, studying, or various emotional issues during their studies. Academic problems can be both a consequence and a cause of emotional and other difficulties. Psychological problems often lead to poorer academic performance because they make it difficult to concentrate, reduce motivation and [&hellip;]<\/p>\n","protected":false},"author":4,"featured_media":6810,"parent":6863,"menu_order":1,"comment_status":"closed","ping_status":"closed","template":"","meta":{"_acf_changed":false,"ub_ctt_via":"","footnotes":""},"class_list":["post-6865","page","type-page","status-publish","has-post-thumbnail","hentry"],"acf":[],"featured_image_src":"https:\/\/ssc.uniri.hr\/wp-content\/uploads\/2023\/09\/00-Savjetovanje-i-podrska.jpg","_links":{"self":[{"href":"https:\/\/ssc.uniri.hr\/en\/wp-json\/wp\/v2\/pages\/6865","targetHints":{"allow":["GET"]}}],"collection":[{"href":"https:\/\/ssc.uniri.hr\/en\/wp-json\/wp\/v2\/pages"}],"about":[{"href":"https:\/\/ssc.uniri.hr\/en\/wp-json\/wp\/v2\/types\/page"}],"author":[{"embeddable":true,"href":"https:\/\/ssc.uniri.hr\/en\/wp-json\/wp\/v2\/users\/4"}],"replies":[{"embeddable":true,"href":"https:\/\/ssc.uniri.hr\/en\/wp-json\/wp\/v2\/comments?post=6865"}],"version-history":[{"count":2,"href":"https:\/\/ssc.uniri.hr\/en\/wp-json\/wp\/v2\/pages\/6865\/revisions"}],"predecessor-version":[{"id":7087,"href":"https:\/\/ssc.uniri.hr\/en\/wp-json\/wp\/v2\/pages\/6865\/revisions\/7087"}],"up":[{"embeddable":true,"href":"https:\/\/ssc.uniri.hr\/en\/wp-json\/wp\/v2\/pages\/6863"}],"wp:featuredmedia":[{"embeddable":true,"href":"https:\/\/ssc.uniri.hr\/en\/wp-json\/wp\/v2\/media\/6810"}],"wp:attachment":[{"href":"https:\/\/ssc.uniri.hr\/en\/wp-json\/wp\/v2\/media?parent=6865"}],"curies":[{"name":"wp","href":"https:\/\/api.w.org\/{rel}","templated":true}]}}