{"id":6895,"date":"2023-07-06T07:38:31","date_gmt":"2023-07-06T07:38:31","guid":{"rendered":"https:\/\/ssc.uniri.hr\/?page_id=6895"},"modified":"2025-12-09T08:29:56","modified_gmt":"2025-12-09T08:29:56","slug":"how-to-reach-us","status":"publish","type":"page","link":"https:\/\/ssc.uniri.hr\/en\/how-to-reach-us\/","title":{"rendered":"How to reach us"},"content":{"rendered":"\n<figure class=\"wp-block-table\"><table class=\"has-fixed-layout\"><tbody><tr><td><strong>University Counseling Center<\/strong><br>UNIRI Campus on Trsat,<br>Faculty of Civil Engineering, Rijeka, 1st floor<br>Radmile Matej\u010di\u0107 3<br>Rijeka&nbsp;<\/td><td><strong>Mailing address:<br><\/strong>Sveu\u010dili\u0161te u Rijeci \/ University of Rijeka<br>Sveu\u010dili\u0161ni savjetovali\u0161ni centar \/ University Counselling Centre<br>Radmile Matej\u010di\u0107 2<br>HR-51000 Rijeka<\/td><\/tr><\/tbody><\/table><\/figure>\n\n\n\n<figure class=\"wp-block-table\"><table class=\"has-fixed-layout\"><tbody><tr><td><strong>Psychological Counselling: <\/strong><a href=\"mailto:ssc@ssc.uniri.hr\">ssc@ssc.uniri.hr<\/a>&nbsp;\/&nbsp;<a href=\"tel:051265841\">051\/265-841<\/a><br><strong>Academic Accommodations Counselling:<\/strong>&nbsp;<a href=\"mailto:prilagodbe@uniri.hr\">prilagodbe@uniri.hr<\/a>&nbsp;\/&nbsp;<a href=\"tel:051265844\">051\/265-844<\/a><br><strong>Professional Guidance &amp; Career Development Counselling:<\/strong>&nbsp;<a href=\"mailto:karijere@uniri.hr\" target=\"_blank\" rel=\"noreferrer noopener\">karijere@uniri.hr<\/a>&nbsp;\/&nbsp;<a href=\"tel:051584757\" target=\"_blank\" rel=\"noreferrer noopener\">051\/584-757<\/a><\/td><\/tr><\/tbody><\/table><\/figure>\n\n\n\n<hr class=\"wp-block-separator has-css-opacity\"\/>\n\n\n\n<iframe src=\"https:\/\/www.google.com\/maps\/embed?pb=!1m18!1m12!1m3!1d936.0519589664083!2d14.46765402196585!3d45.328893689933835!2m3!1f0!2f0!3f0!3m2!1i1024!2i768!4f13.1!3m3!1m2!1s0x4764a1abf9bc6953%3A0x6292335f6907e8b9!2sUl.%20Radmile%20Matej%C4%8Di%C4%87%203%2C%2051000%2C%20Rijeka!5e0!3m2!1shr!2shr!4v1688640242089!5m2!1shr!2shr\" width=\"600\" height=\"450\" style=\"border:0;\" allowfullscreen=\"\" loading=\"lazy\" referrerpolicy=\"no-referrer-when-downgrade\"><\/iframe>\n","protected":false},"excerpt":{"rendered":"<p>University Counseling CenterUNIRI Campus on Trsat,Faculty of Civil Engineering, Rijeka, 1st floorRadmile Matej\u010di\u0107 3Rijeka&nbsp; Mailing address:Sveu\u010dili\u0161te u Rijeci \/ University of RijekaSveu\u010dili\u0161ni savjetovali\u0161ni centar \/ University Counselling CentreRadmile Matej\u010di\u0107 2HR-51000 Rijeka Psychological Counselling: ssc@ssc.uniri.hr&nbsp;\/&nbsp;051\/265-841Academic Accommodations Counselling:&nbsp;prilagodbe@uniri.hr&nbsp;\/&nbsp;051\/265-844Professional Guidance &amp; Career Development Counselling:&nbsp;karijere@uniri.hr&nbsp;\/&nbsp;051\/584-757<\/p>\n","protected":false},"author":4,"featured_media":6894,"parent":0,"menu_order":6,"comment_status":"closed","ping_status":"closed","template":"","meta":{"_acf_changed":false,"ub_ctt_via":"","footnotes":""},"class_list":["post-6895","page","type-page","status-publish","has-post-thumbnail","hentry"],"acf":[],"featured_image_src":"https:\/\/ssc.uniri.hr\/wp-content\/uploads\/2023\/09\/00-Kako-do-nas.jpg","_links":{"self":[{"href":"https:\/\/ssc.uniri.hr\/en\/wp-json\/wp\/v2\/pages\/6895","targetHints":{"allow":["GET"]}}],"collection":[{"href":"https:\/\/ssc.uniri.hr\/en\/wp-json\/wp\/v2\/pages"}],"about":[{"href":"https:\/\/ssc.uniri.hr\/en\/wp-json\/wp\/v2\/types\/page"}],"author":[{"embeddable":true,"href":"https:\/\/ssc.uniri.hr\/en\/wp-json\/wp\/v2\/users\/4"}],"replies":[{"embeddable":true,"href":"https:\/\/ssc.uniri.hr\/en\/wp-json\/wp\/v2\/comments?post=6895"}],"version-history":[{"count":7,"href":"https:\/\/ssc.uniri.hr\/en\/wp-json\/wp\/v2\/pages\/6895\/revisions"}],"predecessor-version":[{"id":7140,"href":"https:\/\/ssc.uniri.hr\/en\/wp-json\/wp\/v2\/pages\/6895\/revisions\/7140"}],"wp:featuredmedia":[{"embeddable":true,"href":"https:\/\/ssc.uniri.hr\/en\/wp-json\/wp\/v2\/media\/6894"}],"wp:attachment":[{"href":"https:\/\/ssc.uniri.hr\/en\/wp-json\/wp\/v2\/media?parent=6895"}],"curies":[{"name":"wp","href":"https:\/\/api.w.org\/{rel}","templated":true}]}}